{"id":30,"date":"2020-05-27T15:31:25","date_gmt":"2020-05-27T13:31:25","guid":{"rendered":"http:\/\/leidenborn.de\/?page_id=30"},"modified":"2020-05-27T16:09:54","modified_gmt":"2020-05-27T14:09:54","slug":"wappen","status":"publish","type":"page","link":"http:\/\/leidenborn.de\/?page_id=30","title":{"rendered":"Wappen"},"content":{"rendered":"\n<div class=\"wp-block-image\"><figure class=\"alignleft size-large is-resized\"><img loading=\"lazy\" decoding=\"async\" src=\"http:\/\/leidenborn.de\/wp-content\/uploads\/2020\/05\/Wappen120-1.jpg\" alt=\"Bild: Wappen der Ortsgemeinde Leidenborn\" class=\"wp-image-12\" width=\"122\" height=\"140\"\/><\/figure><\/div>\n\n\n\n<p><strong>Wappenbeschreibung<\/strong><\/p>\n\n\n\n<p>\u201eDurch eine silberne Wellenleiste von Rot und Gr\u00fcn geteilt. Oben ein aufgeschlagenes goldenes Buch, jede der zwei sichtbaren Seiten belegt mit einem Auge: Wimpern schwarz, Hornhaut silbern, Iris schwarz. Unten drei f\u00e4cherf\u00f6rmig angeordnete goldene \u00c4hren\u201c<br><br><\/p>\n\n\n\n<p><strong>Wappenbegr\u00fcndung<\/strong><\/p>\n\n\n\n<p>Das aufgeschlagene Buch mit den zwei Augen steht f\u00fcr Odilia als der \u00e4ltesten nachweisbaren kirchlichen Heiligen mit Bezug zu Leidenborn. Odilia wird von Augenkranken als Schutzpatronin angerufen. Die Leidenborner Abbildung zeigt Odilia mit \u00c4btissinnenstab und aufgeschlagenem Buch. Die Augen tr\u00e4gt sie auf dem Buch. Das Odilienfest wird heute noch in Leidenborn am 13. Dezember gefeiert.<\/p>\n\n\n\n<p>Die Wellenleiste steht f\u00fcr die heute noch in Leidenborn vorhandene Quelle (den Borren) mit Wasserlauf. Von dieser Quelle ist m\u00f6glicherweise der Ortsname abgeleitet. Der Quelle sollen Pilger Wasser entnommen haben zur Linderung der Augenleiden (vergl. Odilienfigur). Der Quelle wird auch w\u00e4hrend der Pestzeit heilende Wirkung zugeschrieben.<\/p>\n\n\n\n<p>Die drei \u00c4hren stehen f\u00fcr den im Ort seit jeher und auch heute noch weit \u00fcberwiegend vorhandenen Wirtschaftszweig, Landwirtschaft.<br><br><\/p>\n\n\n\n<p>Das Wappen wurde von Dr. Werner M. Richarz aus Bonn entworfen. Der Ortsgemeinde Leidenborn wurde am 3. Dezember 1993 die Genehmigung zur F\u00fchrung eines Gemeindewappens durch die Kommunalaufsicht der Kreisverwaltung Bitburg-Pr\u00fcm erteilt.<\/p>\n","protected":false},"excerpt":{"rendered":"<p>Wappenbeschreibung \u201eDurch eine silberne Wellenleiste von Rot und Gr\u00fcn geteilt. Oben ein aufgeschlagenes goldenes Buch, jede der zwei sichtbaren Seiten belegt mit einem Auge: Wimpern schwarz, Hornhaut silbern, Iris schwarz. Unten drei f\u00e4cherf\u00f6rmig angeordnete goldene \u00c4hren\u201c Wappenbegr\u00fcndung Das aufgeschlagene Buch<\/p>\n","protected":false},"author":1,"featured_media":0,"parent":0,"menu_order":0,"comment_status":"closed","ping_status":"closed","template":"","meta":{"footnotes":""},"class_list":["post-30","page","type-page","status-publish","hentry"],"_links":{"self":[{"href":"http:\/\/leidenborn.de\/index.php?rest_route=\/wp\/v2\/pages\/30","targetHints":{"allow":["GET"]}}],"collection":[{"href":"http:\/\/leidenborn.de\/index.php?rest_route=\/wp\/v2\/pages"}],"about":[{"href":"http:\/\/leidenborn.de\/index.php?rest_route=\/wp\/v2\/types\/page"}],"author":[{"embeddable":true,"href":"http:\/\/leidenborn.de\/index.php?rest_route=\/wp\/v2\/users\/1"}],"replies":[{"embeddable":true,"href":"http:\/\/leidenborn.de\/index.php?rest_route=%2Fwp%2Fv2%2Fcomments&post=30"}],"version-history":[{"count":9,"href":"http:\/\/leidenborn.de\/index.php?rest_route=\/wp\/v2\/pages\/30\/revisions"}],"predecessor-version":[{"id":55,"href":"http:\/\/leidenborn.de\/index.php?rest_route=\/wp\/v2\/pages\/30\/revisions\/55"}],"wp:attachment":[{"href":"http:\/\/leidenborn.de\/index.php?rest_route=%2Fwp%2Fv2%2Fmedia&parent=30"}],"curies":[{"name":"wp","href":"https:\/\/api.w.org\/{rel}","templated":true}]}}