{"id":22,"date":"2020-05-27T15:06:35","date_gmt":"2020-05-27T13:06:35","guid":{"rendered":"http:\/\/leidenborn.de\/?page_id=22"},"modified":"2020-05-28T08:17:24","modified_gmt":"2020-05-28T06:17:24","slug":"impressum","status":"publish","type":"page","link":"https:\/\/leidenborn.de\/?page_id=22","title":{"rendered":"Impressum"},"content":{"rendered":"\n<p>Ortsgemeinde Leidenborn<br>\u00fcber<br>Verbandsgemeindeverwaltung Arzfeld<br>Luxemburger Stra\u00dfe 6<br>54687 Arzfeld<br>Telefon: 06550 &#8211; 9740<br>E-Mail: info(at)leidenborn.de<br>Internet: www.leidenborn.de<\/p>\n\n\n\n<p>Die Ortsgemeinde Leidenborn ist eine K\u00f6rperschaft des \u00f6ffentlichen Rechts. Sie wird vertreten durch den Ortsb\u00fcrgermeister.<\/p>\n\n\n\n<p>Haftungshinweis:<br>Trotz sorgf\u00e4ltiger inhaltlicher Kontrolle \u00fcbernehmen wir keine Haftung f\u00fcr die Inhalte externer Links. F\u00fcr den Inhalt der verlinkten Seiten sind ausschlie\u00dflich deren Betreiber verantwortlich!<\/p>\n\n\n\n<p>Luftbild:<br>WFL-GmbH<br>Schie\u00dfhausstra\u00dfe 14<br>97228 Rottendorf<br>Tel.: 09302-90810<br>Fax: 09302-908141<\/p>\n\n\n\n<p>Autor:<br>Verbandsgemeindeverwaltung Arzfeld<br>E-Mail: <a href=\"mailto:webmaster@leidenborn.de\" target=\"_blank\" rel=\"noreferrer noopener\">webmaster(at)leidenborn.de<\/a><\/p>\n\n\n\n<p>\u00a9 2020 VGV Arzfeld |<\/p>\n","protected":false},"excerpt":{"rendered":"<p>Ortsgemeinde Leidenborn\u00fcberVerbandsgemeindeverwaltung ArzfeldLuxemburger Stra\u00dfe 654687 ArzfeldTelefon: 06550 &#8211; 9740E-Mail: info(at)leidenborn.deInternet: www.leidenborn.de Die Ortsgemeinde Leidenborn ist eine K\u00f6rperschaft des \u00f6ffentlichen Rechts. Sie wird vertreten durch den Ortsb\u00fcrgermeister. Haftungshinweis:Trotz sorgf\u00e4ltiger inhaltlicher Kontrolle \u00fcbernehmen wir keine Haftung f\u00fcr die Inhalte externer Links. F\u00fcr<\/p>\n","protected":false},"author":1,"featured_media":0,"parent":0,"menu_order":0,"comment_status":"closed","ping_status":"closed","template":"","meta":{"footnotes":""},"class_list":["post-22","page","type-page","status-publish","hentry"],"_links":{"self":[{"href":"https:\/\/leidenborn.de\/index.php?rest_route=\/wp\/v2\/pages\/22","targetHints":{"allow":["GET"]}}],"collection":[{"href":"https:\/\/leidenborn.de\/index.php?rest_route=\/wp\/v2\/pages"}],"about":[{"href":"https:\/\/leidenborn.de\/index.php?rest_route=\/wp\/v2\/types\/page"}],"author":[{"embeddable":true,"href":"https:\/\/leidenborn.de\/index.php?rest_route=\/wp\/v2\/users\/1"}],"replies":[{"embeddable":true,"href":"https:\/\/leidenborn.de\/index.php?rest_route=%2Fwp%2Fv2%2Fcomments&post=22"}],"version-history":[{"count":2,"href":"https:\/\/leidenborn.de\/index.php?rest_route=\/wp\/v2\/pages\/22\/revisions"}],"predecessor-version":[{"id":64,"href":"https:\/\/leidenborn.de\/index.php?rest_route=\/wp\/v2\/pages\/22\/revisions\/64"}],"wp:attachment":[{"href":"https:\/\/leidenborn.de\/index.php?rest_route=%2Fwp%2Fv2%2Fmedia&parent=22"}],"curies":[{"name":"wp","href":"https:\/\/api.w.org\/{rel}","templated":true}]}}